{"id":3443,"date":"2016-08-04T16:55:36","date_gmt":"2016-08-04T16:55:36","guid":{"rendered":"http:\/\/www.usenet.com\/de\/?page_id=3443"},"modified":"2022-03-25T14:55:51","modified_gmt":"2022-03-25T19:55:51","slug":"bester-usenet-service-provider-bewertung","status":"publish","type":"page","link":"https:\/\/www.usenet.com\/de\/","title":{"rendered":"Bester Usenet Service Provider Rezension"},"content":{"rendered":"<div id=\"tablepress-11-scroll-wrapper\" class=\"tablepress-scroll-wrapper\">\n\n<table id=\"tablepress-11\" class=\"tablepress tablepress-id-11 tablepress-responsive\">\n<thead>\n<tr class=\"row-1\">\n\t<th class=\"column-1\">Rang<\/th><th class=\"column-2\">Usenet-Provider<\/th><th class=\"column-3\">Preis<\/th><th class=\"column-4\">Eigenschaften<\/th><th class=\"column-5\">Beibehaltung<\/th><th class=\"column-6\">Mehr wissen<\/th>\n<\/tr>\n<\/thead>\n<tbody class=\"row-striping row-hover\">\n<tr class=\"row-2\">\n\t<td class=\"column-1\"><img decoding=\"async\" src=\"http:\/\/www.usenet.com\/wp-content\/uploads\/2016\/01\/1.png\" alt=\"1\" width=\"56\" height=\"49\" class=\"aligncenter size-full wp-image-2767\" \/><\/td><td class=\"column-2\"><a href=\"http:\/\/www.usenetserver.com\/partners\/?a_aid=usenetcom&amp;a_bid=dcec941d&amp;chan=ususvs01\" target=\"_blank\" rel=\"noopener noreferrer\"><img decoding=\"async\" src=\"http:\/\/www.usenet.com\/wp-content\/uploads\/2015\/05\/UsenetServer-300x80.png\" alt=\"UsenetServer\" width=\"200\" height=\"53\" class=\"alignnone size-medium wp-image-2850\" srcset=\"https:\/\/www.usenet.com\/wp-content\/uploads\/2015\/05\/UsenetServer-300x80.png 300w, https:\/\/www.usenet.com\/wp-content\/uploads\/2015\/05\/UsenetServer-1024x273.png 1024w, https:\/\/www.usenet.com\/wp-content\/uploads\/2015\/05\/UsenetServer.png 1500w\" sizes=\"(max-width: 200px) 100vw, 200px\" \/><\/a><br \/>\n<div><a href=\"http:\/\/www.usenet.com\/de\/usenetserver-bewertung\/\" class=\"visit_site\">UsenetServer Rezension<\/a><\/div><\/td><td class=\"column-3\">$14.95 <\/td><td class=\"column-4\"><ul><li>Usenet-Suchmaschine<\/li><li>UNS VPN-Zugriff<\/li><li>Lebenslange Discount<\/li><\/ul><\/td><td class=\"column-5\">2,728<\/td><td class=\"column-6\"><div class=\"visit_site\"><a href=\"https:\/\/www.usenetserver.com\/?a_aid=usenetcom&amp;a_bid=bb37cb11&amp;chan=ususvs01\" target=\"_blank\" class=\"button\" rel=\"noopener noreferrer\">Get UsenetServer<\/a><\/div><div><a href=\"http:\/\/www.usenetserver.com\/index.php?a_aid=usenetcom&amp;a_bid=401ddbd4&amp;chan=UNUSCL\" class=\"visit_site\" target=\"_blank\" rel=\"noopener noreferrer\">Mehr \u00fcber UsenetServer<\/a><\/div><\/td>\n<\/tr>\n<tr class=\"row-3\">\n\t<td class=\"column-1\"><img decoding=\"async\" src=\"http:\/\/www.usenet.com\/wp-content\/uploads\/2016\/01\/2.png\" alt=\"2\" width=\"53\" height=\"50\" class=\"aligncenter size-full wp-image-2768\" \/><\/td><td class=\"column-2\"><a href=\"http:\/\/www.newshosting.com\/partners\/?a_aid=usenetcom&amp;a_bid=15833ca4&amp;chan=UNNHCL\" target=\"_blank\" rel=\"noopener noreferrer\"><img decoding=\"async\" src=\"http:\/\/www.usenet.com\/wp-content\/uploads\/2015\/05\/Newshosting-300x80.png\" alt=\"Newshosting\" width=\"200\" height=\"53\" class=\"alignnone size-medium wp-image-2848\" srcset=\"https:\/\/www.usenet.com\/wp-content\/uploads\/2015\/05\/Newshosting-300x80.png 300w, https:\/\/www.usenet.com\/wp-content\/uploads\/2015\/05\/Newshosting-1024x273.png 1024w, https:\/\/www.usenet.com\/wp-content\/uploads\/2015\/05\/Newshosting.png 1500w\" sizes=\"(max-width: 200px) 100vw, 200px\" \/><\/a><div><a href=\"http:\/\/www.usenet.com\/de\/newshosting-bewertung\/\" class=\"visit_site\">Newshosting Rezension<\/a><\/div><\/td><td class=\"column-3\">$9.99 <\/td><td class=\"column-4\"><ul><li>Free Usenet-Client<\/li><li>Schnelle Geschwindigkeiten<\/li><li>VPN Zugriff<\/li><\/ul><\/td><td class=\"column-5\">2,728<\/td><td class=\"column-6\"><div class=\"visit_site\"><a href=\"http:\/\/www.newshosting.com\/partners\/?a_aid=usenetcom&amp;a_bid=15833ca4&amp;chan=UNNHCL\" target=\"_blank\" class=\"button\" rel=\"noopener noreferrer\">Get Newhosting<\/a><\/div><div><a href=\"http:\/\/www.newshosting.com\/partners\/?a_aid=usenetcom&amp;a_bid=15833ca4&amp;chan=UNNHCL\" target=\"_blank\" class=\"visit_site\" rel=\"noopener noreferrer\">Mehr \u00fcber Newshosting<\/a><\/div><\/td>\n<\/tr>\n<tr class=\"row-4\">\n\t<td class=\"column-1\"><img decoding=\"async\" src=\"http:\/\/www.usenet.com\/wp-content\/uploads\/2016\/01\/3.png\" alt=\"3\" width=\"52\" height=\"50\" class=\"aligncenter size-full wp-image-2769\" \/><\/td><td class=\"column-2\"><a href=\"http:\/\/www.giganews.com\/?a=newsservers\"><img decoding=\"async\" src=\"http:\/\/www.usenet.com\/wp-content\/uploads\/2015\/05\/Giganews-300x80.png\" alt=\"Giganews\" width=\"200\" height=\"53\" class=\"alignnone size-medium wp-image-2858\" srcset=\"https:\/\/www.usenet.com\/wp-content\/uploads\/2015\/05\/Giganews-300x80.png 300w, https:\/\/www.usenet.com\/wp-content\/uploads\/2015\/05\/Giganews-1024x273.png 1024w, https:\/\/www.usenet.com\/wp-content\/uploads\/2015\/05\/Giganews.png 1500w\" sizes=\"(max-width: 200px) 100vw, 200px\" \/><\/a><div><a href=\"http:\/\/www.usenet.com\/de\/giganews-bewertung\/\" class=\"visit_site\" e>GigaNews Rezension<\/a><\/div><\/td><td class=\"column-3\">$14.99<\/td><td class=\"column-4\"><ul><li>VPN Zugriff<\/li><li>Mimo Usenet Klient<\/li><li>GIganews Accelerator<\/li><\/ul><\/td><td class=\"column-5\">2,367<\/td><td class=\"column-6\"><div class=\"visit_site\"><a href=\"https:\/\/www.giganews.com\/?a=newsservers\/\" target=\"_blank\" class=\"button\" rel=\"noopener noreferrer\">Get Giganews<\/a><\/div><div><a href=\"http:\/\/www.giganews.com\/?a=newsservers\" class=\"visit_site\" >Mehr \u00fcber Giganews<\/a><\/div><\/td>\n<\/tr>\n<tr class=\"row-5\">\n\t<td class=\"column-1\"><img decoding=\"async\" src=\"http:\/\/www.usenet.com\/wp-content\/uploads\/2016\/01\/4.png\" alt=\"5\"  width=\"52\" height=\"50\"class=\"aligncenter size-full wp-image-2772\" \/><\/td><td class=\"column-2\"><a href=\"http:\/\/www.supernews.com\/special\/usenet-special\/?r=newsservers\"><img decoding=\"async\" src=\"http:\/\/www.usenet.com\/wp-content\/uploads\/2015\/05\/Supernews-300x80.png\" alt=\"Supernews\" width=\"200\" height=\"53\" class=\"alignnone size-medium wp-image-2865\" srcset=\"https:\/\/www.usenet.com\/wp-content\/uploads\/2015\/05\/Supernews-300x80.png 300w, https:\/\/www.usenet.com\/wp-content\/uploads\/2015\/05\/Supernews-1024x273.png 1024w, https:\/\/www.usenet.com\/wp-content\/uploads\/2015\/05\/Supernews.png 1500w\" sizes=\"(max-width: 200px) 100vw, 200px\" \/><\/a><div><a href=\"http:\/\/www.usenet.com\/de\/supernews-bewertung\/\" class=\"visit_site\">Supernews Rezension<\/a><\/div><\/td><td class=\"column-3\">$11.99<\/td><td class=\"column-4\"><ul><li>Ein Preis One-Plan<\/li><li>Unbegrenzt Usenet<\/li><li>Unbegrenzt Speed<\/li><\/ul><\/td><td class=\"column-5\">2,357<\/td><td class=\"column-6\"><div class=\"visit_site\"><a href=\"http:\/\/www.supernews.com\/special\/usenet-special\/?r=newsservers\" target=\"_blank\" class=\"button\" rel=\"noopener noreferrer\">Get Supernews<\/a><\/div><div><a href=\"http:\/\/www.supernews.com\/special\/usenet-special\/?r=newsservers\" class=\"visit_site\" style=\"color:red;\">Mehr \u00fcber SuperNews<\/a><\/div><\/td>\n<\/tr>\n<tr class=\"row-6\">\n\t<td class=\"column-1\"><img decoding=\"async\" src=\"http:\/\/www.usenet.com\/wp-content\/uploads\/2016\/01\/5.png\" alt=\"4\" width=\"52\" height=\"50\"  class=\"aligncenter size-full wp-image-2770\" \/><\/td><td class=\"column-2\"><a href=\"http:\/\/www.easynews.com?a_aid=usenetcom&amp;a_bid=ef2f9ea1&amp;chan=usnwbl01\" target=\"_blank\" rel=\"noopener noreferrer\"><img decoding=\"async\" src=\"http:\/\/www.usenet.com\/wp-content\/uploads\/2015\/05\/Easynews-300x80.png\" alt=\"Easynews\" width=\"200\" height=\"53\" class=\"alignnone size-medium wp-image-2851\" srcset=\"https:\/\/www.usenet.com\/wp-content\/uploads\/2015\/05\/Easynews-300x80.png 300w, https:\/\/www.usenet.com\/wp-content\/uploads\/2015\/05\/Easynews-1024x273.png 1024w, https:\/\/www.usenet.com\/wp-content\/uploads\/2015\/05\/Easynews.png 1500w\" sizes=\"(max-width: 200px) 100vw, 200px\" \/><\/a><div><a href=\"http:\/\/www.usenet.com\/de\/easynews-bewertung\/\" class=\"visit_site\" >EasyNews Rezension<\/a><\/div><\/td><td class=\"column-3\">$9.98<\/td><td class=\"column-4\"><ul><li>Easy Browser Access<\/li><li>VPN Zugriff<\/li><li>Rollover Gigs<\/li><\/ul><\/td><td class=\"column-5\">2,728<\/td><td class=\"column-6\"><div class=\"visit_site\"><a href=\"https:\/\/signup.easynews.com\/usenet-com-offer\/?a_aid=usenetcom&amp;a_bid=ef2f9ea1&amp;chan=unenhomechartgetbutton\" target=\"_blank\" class=\"button\" rel=\"noopener noreferrer\">Get Easynews<\/a><\/div><div><a href=\"https:\/\/signup.easynews.com\/usenet-com-offer\/?a_aid=usenetcom&amp;a_bid=ef2f9ea1&amp;chan=unenhomechartgetbutton\" target=\"_blank\" class=\"visit_site\" rel=\"noopener noreferrer\">Mehr \u00fcber EasyNews<\/a><\/div><\/td>\n<\/tr>\n<tr class=\"row-7\">\n\t<td class=\"column-1\"><img decoding=\"async\" src=\"http:\/\/www.usenet.com\/wp-content\/uploads\/2016\/01\/6.png\" alt=\"5\" width=\"52\" height=\"50\"  class=\"aligncenter size-full wp-image-2771\" \/><\/td><td class=\"column-2\"><a href=\"http:\/\/www.fastusenet.org\" target=\"_blank\" rel=\"noopener noreferrer\"><img decoding=\"async\" src=\"http:\/\/www.usenet.com\/wp-content\/uploads\/2015\/05\/fast-usenet.png\" alt=\"Fast Usenet\" width=\"200\" height=\"53\" class=\"alignnone size-medium wp-image-2851\" \/><\/a><div><a href=\"http:\/\/www.usenet.com\/de\/fastusenet-bewertung\/\" class=\"visit_site\" >Fast Usenet Rezension<\/a><\/div><\/td><td class=\"column-3\">$9.95<\/td><td class=\"column-4\"><ul><li>Kostenlos Newsreader<\/li><li>Web \/ Mobile Gateways<\/li><li>Global Suchen<\/li><\/ul><\/td><td class=\"column-5\">2,750<\/td><td class=\"column-6\"><div class=\"visit_site\"><a href=\"http:\/\/www.fastusenet.org\/\" target=\"_blank\" class=\"button\" rel=\"noopener noreferrer\">Get Fast Usenet<\/a><\/div><div><a href=\"http:\/\/www.fastusenet.org\" class=\"visit_site\" >Mehr \u00fcber FastUsenet<\/a><\/div><\/td>\n<\/tr>\n<\/tbody>\n<\/table>\n\n<\/div>\n<div class=\"review\">\n<h2 class=\"review-header\"><span class=\"ez-toc-section\" id=\"1_UsenetServer_Rezension\"><\/span><a href=\"http:\/\/www.usenet.com\/de\/usenetserver-rezension\/\">1. <strong>UsenetServer Rezension<\/strong><\/a><span class=\"ez-toc-section-end\"><\/span><\/h2>\n<p class=\"review-except\">Usenetserver ist eine der beliebtesten Usenet Service Provider. Die ihnen einen gro\u00dfen Anw\u00e4rter auf einen der ersten f\u00fcnf Pl\u00e4tze in der Usenet-Industrie macht nach Lifehacker . Usenetserver.com bietet Zugriff auf Usenet-Newsgroups und NNTP-Feeds f\u00fcr gesch\u00e4ftliche und private Nutzung. Sie wurden auf ihre hervorragende Abschlussquoten und eine der bestUsenet globale Suchfunktion ausgew\u00e4hlt. Sie haben vor kurzem hinzugef\u00fcgt eine VPN-Funktion f\u00fcr Online-Identit\u00e4t und Datenschutz. Sie k\u00f6nnen entweder Kauf als Add-on oder als Standalone -Service. Dies sind nur einige Beispiele, warum Usenetserver weiterhin in diesem hart umk\u00e4mpften Markt zu gedeihen. Preise &#8230; Mehr \u00fcber Usenetserver<\/p>\n<div class=\"review-img\"><a href=\"https:\/\/usenetserver.com\/usenet\/partners\/usenet-com-exclusive\/?a_aid=usenetcom&amp;a_bid=5725b6ed&amp;CHAN=UUNSHCSTL\" target=\"_blank\" rel=\"nofollow noopener noreferrer\"><img decoding=\"async\" class=\"aligncenter size-full wp-image-11340\" src=\"https:\/\/www.usenet.com\/wp-content\/uploads\/2020\/05\/UsenetServer-Review.png\" alt=\"\" width=\"640\" height=\"341\"><\/a><\/div>\n<\/div>\n<div class=\"review\">\n<h2 class=\"review-header\"><span class=\"ez-toc-section\" id=\"2_Newshosting_Rezension\"><\/span><a href=\"http:\/\/www.usenet.com\/de\/newshosting-rezension\/\">2. <strong>Newshosting Rezension<\/strong><\/a><span class=\"ez-toc-section-end\"><\/span><\/h2>\n<p class=\"review-except\">Wir fanden ein echtes Kraftpabouaket Newshosting zu sein. Mit einer der modernsten Server-Designs in der Usenet-Industrie. Hochredundante Netzwerke, die aus allen Teilen der USA auf Multi-Gigabit-Server-Farmen betreiben und Europa erm\u00f6glicht es ihnen, Geschwindigkeiten, ohne zu bieten prallen scheitern. innovativem Design Nachrichtensprecher Newshosting ist ein All-Inclusive-Paket, alle direkten Download-Tools enthalten, werden Sie integrierte Suchfunktion auf die automatische Suche need.From und downloaden Sie es versuchen, um es zu glauben. Newshosting ist der f\u00fchrende Usenet-Provider kostenlose Newsgroups mit den schnellsten Geschwindigkeiten und beste Online-Sicherheit bieten &#8230;. Mehr \u00fcber Newshosting<\/p>\n<div class=\"review-img\"><a href=\"https:\/\/www.newshosting.com\/usenet\/partners\/usenet-com\/?a_aid=usenetcom&amp;a_bid=5ecfe99b&amp;CHAN=UNNHHCSTL\" target=\"_blank\" rel=\"nofollow noopener noreferrer\"><img decoding=\"async\" class=\"aligncenter size-full wp-image-11336\" src=\"https:\/\/www.usenet.com\/wp-content\/uploads\/2020\/03\/NH-Banner.png\" alt=\"\" width=\"640\" height=\"341\"><\/a><\/div>\n<\/div>\n<div class=\"review\">\n<h2 class=\"review-header\"><span class=\"ez-toc-section\" id=\"3_GigaNews_Rezension\"><\/span><a href=\"http:\/\/www.usenet.com\/de\/giganews-rezension\/\">3. <strong>GigaNews Rezension<\/strong><\/a><span class=\"ez-toc-section-end\"><\/span><\/h2>\n<p class=\"review-except\">Hier haben wir einen weiteren Usenet Service Provider mit vielen Funktionen und Eigenschaften, die sie zu einer der besten schieben. Mit Giganews, erhalten Sie nicht nur eine der besten Usenet-Server der Welt, sondern auch eine kostenlose pers\u00f6nliche VPN. &#8230; Mehr \u00fcber Giganews<\/p>\n<div class=\"review-img\"><a style=\"color: #0000ff;\" href=\"https:\/\/www.giganews.com\/?a=newsservers\/\" target=\"_blank\" rel=\"nofollow noopener\"><img decoding=\"async\" src=\"https:\/\/www.usenet.com\/wp-content\/uploads\/2015\/05\/giganews-review.png\"><\/a><\/div>\n<\/div>\n<div class=\"review\">\n<h2 class=\"review-header\"><span class=\"ez-toc-section\" id=\"5_EasyNews_Rezension\"><\/span><a href=\"http:\/\/www.usenet.com\/de\/easynews-rezension\/\">5. <strong>EasyNews Rezension<\/strong><\/a><span class=\"ez-toc-section-end\"><\/span><\/h2>\n<p class=\"review-except\">Easynews hat eine Usenet-Service-Provider seit 1995 beide NNTP und Web-basierte Dienste anbieten. Sie haben ein paar verschiedene Funktionen, die wir gefunden, die sie von ihren Mitbewerbern. Sobald ein solches Merkmal ist ihre Web-basierten Browser. Die Sie leicht f\u00fcr den Zugriff auf Newsgroups mit jedem Ger\u00e4t erm\u00f6glicht, die einen Web-Browser \u00fcber das HTTP-Web-Server verf\u00fcgt. Haben Sie nicht alle Ihre Bandbreite in diesem Monat verwenden. Easynews bietet Roll-Over-Gigs. Welches sind alle Bytes, die Sie in diesem Monat nicht genutzt haben werden auf den n\u00e4chsten Monat \u00fcbertragen. NNTP-Header-Kompression, Zip Manager und mobile app sind nur ein paar mehr zus\u00e4tzliche Verg\u00fcnstigungen Sie mit einem Konto Easynews erhalten. Easynews ist das Original, web-basierte Usenet-Provider bietet die besten Newsgroups mit den h\u00f6chsten Geschwindigkeiten und Service &#8230;. Mehr \u00fcber Easynews<\/p>\n<div class=\"review-img\"><a style=\"color: #0000ff;\" href=\"https:\/\/signup.easynews.com\/usenet-com-offer\/?a_aid=usenetcom&amp;a_bid=ef2f9ea1&amp;chan=unenhomepgsnipimg\" target=\"_blank\" rel=\"noopener noreferrer nofollow\"><img decoding=\"async\" class=\"aligncenter wp-image-11338 size-full\" src=\"https:\/\/www.usenet.com\/wp-content\/uploads\/2020\/03\/EN-Banner.png\" alt=\"\" width=\"640\" height=\"341\"><\/a><\/div>\n<\/div>\n<div class=\"review\">\n<h2 class=\"review-header\"><span class=\"ez-toc-section\" id=\"6_FastUsenet_Rezension\"><\/span><a href=\"http:\/\/www.usenet.com\/de\/fastusenet-rezension\/\">6. <strong>FastUsenet Rezension<\/strong><\/a><span class=\"ez-toc-section-end\"><\/span><\/h2>\n<p class=\"review-except\">Schnelle Usenet bietet ausgezeichnet<\/span>e R\u00fcckhalteraten , eine kostenlose Testversion , eine mobile freundliche Nachrichtensprecher und einen Web-Newsreader als Teil ihrer Kernpaket . Schnelle Usenet kommt auch mit einer kostenlosen Kopie von GrabIt Nachrichtensprecher, das Angebot in der globalen Suche gebaut, die normalerweise $ 2,50 pro Monat kostet. Mit Ihrer Mitgliedschaft &#8230;. <a href=\"http:\/\/www.usenet.com\/de\/fastusenet-bewertung\/\">Mehr \u00fcber FastUsenet<\/a><\/p>\n<div class=\"review-img\"><a href=\"https:\/\/www.fastusenet.org\/\" target=\"_blank\" rel=\"noopener noreferrer\"><img decoding=\"async\" class=\"aligncenter wp-image-13097 size-full\" src=\"https:\/\/www.usenet.com\/wp-content\/uploads\/2019\/12\/usenet-com-fastusenet.jpg\" sizes=\"(max-width: 640px) 100vw, 640px\" srcset=\"https:\/\/www.usenet.com\/wp-content\/uploads\/2019\/12\/usenet-com-fastusenet.jpg 640w, https:\/\/www.usenet.com\/wp-content\/uploads\/2019\/12\/usenet-com-fastusenet-300x159.jpg 300w\" alt=\"fast usenet\" width=\"640\" height=\"340\"><\/a><\/div>\n<\/div>\n","protected":false},"excerpt":{"rendered":"<p>1. UsenetServer Rezension Usenetserver ist eine der beliebtesten Usenet Service Provider. Die ihnen einen gro\u00dfen Anw\u00e4rter auf einen der ersten f\u00fcnf Pl\u00e4tze in der Usenet-Industrie macht nach Lifehacker . Usenetserver.com bietet Zugriff auf Usenet-Newsgroups und NNTP-Feeds f\u00fcr gesch\u00e4ftliche und private Nutzung. Sie wurden auf ihre hervorragende Abschlussquoten und eine der bestUsenet globale Suchfunktion ausgew\u00e4hlt. Sie haben vor kurzem hinzugef\u00fcgt eine VPN-Funktion f\u00fcr Online-Identit\u00e4t und Datenschutz. Sie k\u00f6nnen entweder Kauf als Add-on oder als Standalone -Service. Dies sind nur einige Beispiele, [&hellip;]<\/p>\n","protected":false},"author":1,"featured_media":0,"parent":0,"menu_order":0,"comment_status":"closed","ping_status":"closed","template":"","meta":{"_acf_changed":false,"footnotes":""},"class_list":["post-3443","page","type-page","status-publish","hentry"],"acf":[],"yoast_head":"<!-- This site is optimized with the Yoast SEO Premium plugin v27.3 (Yoast SEO v27.3) - https:\/\/yoast.com\/product\/yoast-seo-premium-wordpress\/ -->\n<title>Bester Usenet Service Provider Rezension - Usenet<\/title>\n<meta name=\"description\" content=\"1. UsenetServer Rezension Usenetserver ist eine der beliebtesten Usenet Service Provider. Die ihnen einen gro\u00dfen Anw\u00e4rter auf einen der ersten f\u00fcnf Pl\u00e4tze\" \/>\n<meta name=\"robots\" content=\"index, follow, max-snippet:-1, max-image-preview:large, max-video-preview:-1\" \/>\n<link rel=\"canonical\" href=\"https:\/\/www.usenet.com\/de\/\" \/>\n<meta property=\"og:locale\" content=\"de_DE\" \/>\n<meta property=\"og:type\" content=\"article\" \/>\n<meta property=\"og:title\" content=\"Bester Usenet Service Provider Rezension\" \/>\n<meta property=\"og:description\" content=\"1. UsenetServer Rezension Usenetserver ist eine der beliebtesten Usenet Service Provider. Die ihnen einen gro\u00dfen Anw\u00e4rter auf einen der ersten f\u00fcnf Pl\u00e4tze\" \/>\n<meta property=\"og:url\" content=\"https:\/\/www.usenet.com\/de\/\" \/>\n<meta property=\"og:site_name\" content=\"Usenet\" \/>\n<meta property=\"article:modified_time\" content=\"2022-03-25T19:55:51+00:00\" \/>\n<meta property=\"og:image\" content=\"https:\/\/www.usenet.com\/wp-content\/uploads\/2020\/05\/UsenetServer-Review.png\" \/>\n<meta name=\"twitter:card\" content=\"summary_large_image\" \/>\n<meta name=\"twitter:label1\" content=\"Gesch\u00e4tzte Lesezeit\" \/>\n\t<meta name=\"twitter:data1\" content=\"2\u00a0Minuten\" \/>\n<script type=\"application\/ld+json\" class=\"yoast-schema-graph\">{\"@context\":\"https:\\\/\\\/schema.org\",\"@graph\":[{\"@type\":\"WebPage\",\"@id\":\"https:\\\/\\\/www.usenet.com\\\/de\\\/\",\"url\":\"https:\\\/\\\/www.usenet.com\\\/de\\\/\",\"name\":\"Bester Usenet Service Provider Rezension - Usenet\",\"isPartOf\":{\"@id\":\"https:\\\/\\\/www.usenet.com\\\/#website\"},\"primaryImageOfPage\":{\"@id\":\"https:\\\/\\\/www.usenet.com\\\/de\\\/#primaryimage\"},\"image\":{\"@id\":\"https:\\\/\\\/www.usenet.com\\\/de\\\/#primaryimage\"},\"thumbnailUrl\":\"https:\\\/\\\/www.usenet.com\\\/wp-content\\\/uploads\\\/2020\\\/05\\\/UsenetServer-Review.png\",\"datePublished\":\"2016-08-04T16:55:36+00:00\",\"dateModified\":\"2022-03-25T19:55:51+00:00\",\"description\":\"1. UsenetServer Rezension Usenetserver ist eine der beliebtesten Usenet Service Provider. Die ihnen einen gro\u00dfen Anw\u00e4rter auf einen der ersten f\u00fcnf Pl\u00e4tze\",\"breadcrumb\":{\"@id\":\"https:\\\/\\\/www.usenet.com\\\/de\\\/#breadcrumb\"},\"inLanguage\":\"de\",\"potentialAction\":[{\"@type\":\"ReadAction\",\"target\":[\"https:\\\/\\\/www.usenet.com\\\/de\\\/\"]}]},{\"@type\":\"ImageObject\",\"inLanguage\":\"de\",\"@id\":\"https:\\\/\\\/www.usenet.com\\\/de\\\/#primaryimage\",\"url\":\"https:\\\/\\\/www.usenet.com\\\/wp-content\\\/uploads\\\/2020\\\/05\\\/UsenetServer-Review.png\",\"contentUrl\":\"https:\\\/\\\/www.usenet.com\\\/wp-content\\\/uploads\\\/2020\\\/05\\\/UsenetServer-Review.png\"},{\"@type\":\"BreadcrumbList\",\"@id\":\"https:\\\/\\\/www.usenet.com\\\/de\\\/#breadcrumb\",\"itemListElement\":[{\"@type\":\"ListItem\",\"position\":1,\"name\":\"Home\",\"item\":\"https:\\\/\\\/www.usenet.com\\\/de\\\/\"},{\"@type\":\"ListItem\",\"position\":2,\"name\":\"Bester Usenet Service Provider Rezension\"}]},{\"@type\":\"WebSite\",\"@id\":\"https:\\\/\\\/www.usenet.com\\\/#website\",\"url\":\"https:\\\/\\\/www.usenet.com\\\/\",\"name\":\"Usenet\",\"description\":\"\",\"potentialAction\":[{\"@type\":\"SearchAction\",\"target\":{\"@type\":\"EntryPoint\",\"urlTemplate\":\"https:\\\/\\\/www.usenet.com\\\/?s={search_term_string}\"},\"query-input\":{\"@type\":\"PropertyValueSpecification\",\"valueRequired\":true,\"valueName\":\"search_term_string\"}}],\"inLanguage\":\"de\"}]}<\/script>\n<!-- \/ Yoast SEO Premium plugin. -->","yoast_head_json":{"title":"Bester Usenet Service Provider Rezension - Usenet","description":"1. UsenetServer Rezension Usenetserver ist eine der beliebtesten Usenet Service Provider. Die ihnen einen gro\u00dfen Anw\u00e4rter auf einen der ersten f\u00fcnf Pl\u00e4tze","robots":{"index":"index","follow":"follow","max-snippet":"max-snippet:-1","max-image-preview":"max-image-preview:large","max-video-preview":"max-video-preview:-1"},"canonical":"https:\/\/www.usenet.com\/de\/","og_locale":"de_DE","og_type":"article","og_title":"Bester Usenet Service Provider Rezension","og_description":"1. UsenetServer Rezension Usenetserver ist eine der beliebtesten Usenet Service Provider. Die ihnen einen gro\u00dfen Anw\u00e4rter auf einen der ersten f\u00fcnf Pl\u00e4tze","og_url":"https:\/\/www.usenet.com\/de\/","og_site_name":"Usenet","article_modified_time":"2022-03-25T19:55:51+00:00","og_image":[{"url":"https:\/\/www.usenet.com\/wp-content\/uploads\/2020\/05\/UsenetServer-Review.png","type":"","width":"","height":""}],"twitter_card":"summary_large_image","twitter_misc":{"Gesch\u00e4tzte Lesezeit":"2\u00a0Minuten"},"schema":{"@context":"https:\/\/schema.org","@graph":[{"@type":"WebPage","@id":"https:\/\/www.usenet.com\/de\/","url":"https:\/\/www.usenet.com\/de\/","name":"Bester Usenet Service Provider Rezension - Usenet","isPartOf":{"@id":"https:\/\/www.usenet.com\/#website"},"primaryImageOfPage":{"@id":"https:\/\/www.usenet.com\/de\/#primaryimage"},"image":{"@id":"https:\/\/www.usenet.com\/de\/#primaryimage"},"thumbnailUrl":"https:\/\/www.usenet.com\/wp-content\/uploads\/2020\/05\/UsenetServer-Review.png","datePublished":"2016-08-04T16:55:36+00:00","dateModified":"2022-03-25T19:55:51+00:00","description":"1. UsenetServer Rezension Usenetserver ist eine der beliebtesten Usenet Service Provider. Die ihnen einen gro\u00dfen Anw\u00e4rter auf einen der ersten f\u00fcnf Pl\u00e4tze","breadcrumb":{"@id":"https:\/\/www.usenet.com\/de\/#breadcrumb"},"inLanguage":"de","potentialAction":[{"@type":"ReadAction","target":["https:\/\/www.usenet.com\/de\/"]}]},{"@type":"ImageObject","inLanguage":"de","@id":"https:\/\/www.usenet.com\/de\/#primaryimage","url":"https:\/\/www.usenet.com\/wp-content\/uploads\/2020\/05\/UsenetServer-Review.png","contentUrl":"https:\/\/www.usenet.com\/wp-content\/uploads\/2020\/05\/UsenetServer-Review.png"},{"@type":"BreadcrumbList","@id":"https:\/\/www.usenet.com\/de\/#breadcrumb","itemListElement":[{"@type":"ListItem","position":1,"name":"Home","item":"https:\/\/www.usenet.com\/de\/"},{"@type":"ListItem","position":2,"name":"Bester Usenet Service Provider Rezension"}]},{"@type":"WebSite","@id":"https:\/\/www.usenet.com\/#website","url":"https:\/\/www.usenet.com\/","name":"Usenet","description":"","potentialAction":[{"@type":"SearchAction","target":{"@type":"EntryPoint","urlTemplate":"https:\/\/www.usenet.com\/?s={search_term_string}"},"query-input":{"@type":"PropertyValueSpecification","valueRequired":true,"valueName":"search_term_string"}}],"inLanguage":"de"}]}},"_links":{"self":[{"href":"https:\/\/www.usenet.com\/de\/wp-json\/wp\/v2\/pages\/3443","targetHints":{"allow":["GET"]}}],"collection":[{"href":"https:\/\/www.usenet.com\/de\/wp-json\/wp\/v2\/pages"}],"about":[{"href":"https:\/\/www.usenet.com\/de\/wp-json\/wp\/v2\/types\/page"}],"author":[{"embeddable":true,"href":"https:\/\/www.usenet.com\/de\/wp-json\/wp\/v2\/users\/1"}],"replies":[{"embeddable":true,"href":"https:\/\/www.usenet.com\/de\/wp-json\/wp\/v2\/comments?post=3443"}],"version-history":[{"count":8,"href":"https:\/\/www.usenet.com\/de\/wp-json\/wp\/v2\/pages\/3443\/revisions"}],"predecessor-version":[{"id":17560,"href":"https:\/\/www.usenet.com\/de\/wp-json\/wp\/v2\/pages\/3443\/revisions\/17560"}],"wp:attachment":[{"href":"https:\/\/www.usenet.com\/de\/wp-json\/wp\/v2\/media?parent=3443"}],"curies":[{"name":"wp","href":"https:\/\/api.w.org\/{rel}","templated":true}]}}